{"id":8,"date":"2020-04-01T11:33:06","date_gmt":"2020-04-01T11:33:06","guid":{"rendered":"https:\/\/allopsycho.com\/?page_id=8"},"modified":"2026-02-09T18:28:20","modified_gmt":"2026-02-09T23:28:20","slug":"foire-aux-questions","status":"publish","type":"page","link":"https:\/\/allopsycho.com\/en\/foire-aux-questions\/","title":{"rendered":"FAQ"},"content":{"rendered":"<div data-elementor-type=\"wp-page\" data-elementor-id=\"8\" class=\"elementor elementor-8\" data-elementor-post-type=\"page\">\n\t\t\t\t\t\t<section class=\"elementor-section elementor-top-section elementor-element elementor-element-548075e scheme_default elementor-section-height-min-height elementor-section-boxed elementor-section-height-default elementor-section-items-middle sc_fly_static\" data-id=\"548075e\" data-element_type=\"section\" data-settings=\"{&quot;background_background&quot;:&quot;classic&quot;}\">\n\t\t\t\t\t\t\t<div class=\"elementor-background-overlay\"><\/div>\n\t\t\t\t\t\t\t<div class=\"elementor-container elementor-column-gap-extended\">\n\t\t\t\t\t<div class=\"elementor-column elementor-col-100 elementor-top-column elementor-element elementor-element-f0e0667 sc_content_align_inherit sc_layouts_column_icons_position_left sc_fly_static\" data-id=\"f0e0667\" data-element_type=\"column\">\n\t\t\t<div class=\"elementor-widget-wrap elementor-element-populated\">\n\t\t\t\t\t\t<section class=\"elementor-section elementor-inner-section elementor-element elementor-element-26762b0 elementor-section-boxed elementor-section-height-default elementor-section-height-default sc_fly_static\" data-id=\"26762b0\" data-element_type=\"section\">\n\t\t\t\t\t\t<div class=\"elementor-container elementor-column-gap-extended\">\n\t\t\t\t\t<div class=\"elementor-column elementor-col-100 elementor-inner-column elementor-element elementor-element-e8261c7 sc_content_align_inherit sc_layouts_column_icons_position_left sc_fly_static\" data-id=\"e8261c7\" data-element_type=\"column\">\n\t\t\t<div class=\"elementor-widget-wrap elementor-element-populated\">\n\t\t\t\t\t\t<div class=\"elementor-element elementor-element-3ba759e sc_height_huge sc_fly_static elementor-widget elementor-widget-spacer\" data-id=\"3ba759e\" data-element_type=\"widget\" data-widget_type=\"spacer.default\">\n\t\t\t\t<div class=\"elementor-widget-container\">\n\t\t\t\t\t\t\t<div class=\"elementor-spacer\">\n\t\t\t<div class=\"elementor-spacer-inner\"><\/div>\n\t\t<\/div>\n\t\t\t\t\t\t<\/div>\n\t\t\t\t<\/div>\n\t\t\t\t<div data-animation-type=\"char\" data-animation-stagger=\"\" class=\"elementor-element elementor-element-9f19e29 animation_type_char sc_fly_static elementor-invisible elementor-widget elementor-widget-heading\" data-id=\"9f19e29\" data-element_type=\"widget\" data-settings=\"{&quot;_animation&quot;:&quot;fadeInUp&quot;}\" data-widget_type=\"heading.default\">\n\t\t\t\t<div class=\"elementor-widget-container\">\n\t\t\t\t\t<h2 class=\"elementor-heading-title elementor-size-default\">Foire aux questions<\/h2>\t\t\t\t<\/div>\n\t\t\t\t<\/div>\n\t\t\t\t<div data-animation-type=\"char\" data-animation-stagger=\"\" class=\"elementor-element elementor-element-e514908 elementor-icon-list--layout-inline elementor-align-center animation_type_char elementor-list-item-link-full_width sc_fly_static elementor-invisible elementor-widget elementor-widget-icon-list\" data-id=\"e514908\" data-element_type=\"widget\" data-settings=\"{&quot;_animation&quot;:&quot;fadeInUp&quot;}\" data-widget_type=\"icon-list.default\">\n\t\t\t\t<div class=\"elementor-widget-container\">\n\t\t\t\t\t\t\t<ul class=\"elementor-icon-list-items elementor-inline-items\">\n\t\t\t\t\t\t\t<li class=\"elementor-icon-list-item elementor-inline-item\">\n\t\t\t\t\t\t\t\t\t\t\t<a href=\"https:\/\/allopsycho.com\/en\">\n\n\t\t\t\t\t\t\t\t\t\t\t<span class=\"elementor-icon-list-text\">Home<\/span>\n\t\t\t\t\t\t\t\t\t\t\t<\/a>\n\t\t\t\t\t\t\t\t\t<\/li>\n\t\t\t\t\t\t\t\t<li class=\"elementor-icon-list-item elementor-inline-item\">\n\t\t\t\t\t\t\t\t\t\t\t<span class=\"elementor-icon-list-icon\">\n\t\t\t\t\t\t\t<i aria-hidden=\"true\" class=\"fas fa-circle\"><\/i>\t\t\t\t\t\t<\/span>\n\t\t\t\t\t\t\t\t\t\t<span class=\"elementor-icon-list-text\"><\/span>\n\t\t\t\t\t\t\t\t\t<\/li>\n\t\t\t\t\t\t\t\t<li class=\"elementor-icon-list-item elementor-inline-item\">\n\t\t\t\t\t\t\t\t\t\t<span class=\"elementor-icon-list-text\">FAQ<\/span>\n\t\t\t\t\t\t\t\t\t<\/li>\n\t\t\t\t\t\t<\/ul>\n\t\t\t\t\t\t<\/div>\n\t\t\t\t<\/div>\n\t\t\t\t\t<\/div>\n\t\t<\/div>\n\t\t\t\t\t<\/div>\n\t\t<\/section>\n\t\t\t\t\t<\/div>\n\t\t<\/div>\n\t\t\t\t\t<\/div>\n\t\t<\/section>\n\t\t\t\t<section class=\"elementor-section elementor-top-section elementor-element elementor-element-7fa036a elementor-section-content-middle elementor-section-stretched elementor-section-boxed elementor-section-height-default elementor-section-height-default sc_fly_static\" data-id=\"7fa036a\" data-element_type=\"section\" data-settings=\"{&quot;background_background&quot;:&quot;classic&quot;,&quot;stretch_section&quot;:&quot;section-stretched&quot;}\">\n\t\t\t\t\t\t<div class=\"elementor-container elementor-column-gap-no\">\n\t\t\t\t\t<div class=\"elementor-column elementor-col-100 elementor-top-column elementor-element elementor-element-23d58feb sc_content_align_inherit sc_layouts_column_icons_position_left sc_fly_static\" data-id=\"23d58feb\" data-element_type=\"column\">\n\t\t\t<div class=\"elementor-widget-wrap elementor-element-populated\">\n\t\t\t\t\t\t<div data-animation-type=\"word\" data-animation-stagger=\"\" class=\"elementor-element elementor-element-cccc620 animation_type_word sc_fly_static elementor-invisible elementor-widget elementor-widget-heading\" data-id=\"cccc620\" data-element_type=\"widget\" data-settings=\"{&quot;_animation&quot;:&quot;fadeInUp&quot;}\" data-widget_type=\"heading.default\">\n\t\t\t\t<div class=\"elementor-widget-container\">\n\t\t\t\t\t<h2 class=\"elementor-heading-title elementor-size-default\">questions courantes<\/h2>\t\t\t\t<\/div>\n\t\t\t\t<\/div>\n\t\t\t\t<div class=\"elementor-element elementor-element-2356ae2 sc_height_small sc_fly_static elementor-widget elementor-widget-spacer\" data-id=\"2356ae2\" data-element_type=\"widget\" data-widget_type=\"spacer.default\">\n\t\t\t\t<div class=\"elementor-widget-container\">\n\t\t\t\t\t\t\t<div class=\"elementor-spacer\">\n\t\t\t<div class=\"elementor-spacer-inner\"><\/div>\n\t\t<\/div>\n\t\t\t\t\t\t<\/div>\n\t\t\t\t<\/div>\n\t\t\t\t<div class=\"elementor-element elementor-element-1030376c sc_fly_static elementor-widget elementor-widget-toggle\" data-id=\"1030376c\" data-element_type=\"widget\" data-widget_type=\"toggle.default\">\n\t\t\t\t<div class=\"elementor-widget-container\">\n\t\t\t\t\t\t\t<div class=\"elementor-toggle\">\n\t\t\t\t\t\t\t<div class=\"elementor-toggle-item\">\n\t\t\t\t\t<div id=\"elementor-tab-title-2711\" class=\"elementor-tab-title\" data-tab=\"1\" role=\"button\" aria-controls=\"elementor-tab-content-2711\" aria-expanded=\"false\">\n\t\t\t\t\t\t\t\t\t\t\t\t<span class=\"elementor-toggle-icon elementor-toggle-icon-right\" aria-hidden=\"true\">\n\t\t\t\t\t\t\t\t\t\t\t\t\t\t\t<span class=\"elementor-toggle-icon-closed\"><i class=\"fas fa-caret-right\"><\/i><\/span>\n\t\t\t\t\t\t\t\t<span class=\"elementor-toggle-icon-opened\"><i class=\"elementor-toggle-icon-opened fas fa-caret-up\"><\/i><\/span>\n\t\t\t\t\t\t\t\t\t\t\t\t\t<\/span>\n\t\t\t\t\t\t\t\t\t\t\t\t<a class=\"elementor-toggle-title\" tabindex=\"0\"><div style=\"color: #000; font-weight: bold;\">Qu\u2019est ce qu\u2019un suivi psychosocial<\/div><\/a>\n\t\t\t\t\t<\/div>\n\n\t\t\t\t\t<div id=\"elementor-tab-content-2711\" class=\"elementor-tab-content elementor-clearfix\" data-tab=\"1\" role=\"region\" aria-labelledby=\"elementor-tab-title-2711\"><p>Le suivi psychosocial se concentre sur les d\u00e9fis actuels des individus en offrant un soutien pratique et imm\u00e9diat. Il aborde les aspects psychologiques et sociaux des probl\u00e8mes, visant \u00e0 am\u00e9liorer la qualit\u00e9 de vie par des strat\u00e9gies d&rsquo;adaptation et de gestion du stress. Accessible et holistique, il cherche \u00e0 autonomiser les personnes en leur fournissant des outils pour g\u00e9rer leurs difficult\u00e9s de mani\u00e8re proactive.<\/p><ul><li class=\"translation-block\"><strong style=\"color: #000; font-weight: bold;\">\u00c9valuation :<\/strong> Un premier bilan pour comprendre les besoins et les d\u00e9fis de la personne.<\/li><li class=\"translation-block\"><strong style=\"color: #000; font-weight: bold;\">Planification :<\/strong> \u00c9laboration d\u2019un plan d\u2019intervention personnalis\u00e9 pour atteindre des objectifs sp\u00e9cifiques.<\/li><li><strong style=\"color: #000; font-weight: bold;\"><strong style=\"color: #000; font-weight: bold;\">Conseil et Accompagnement:<\/strong><\/strong><br \/><span style=\"color: #000;\">S\u00e9ances r\u00e9guli\u00e8res de counseling pour travailler sur des probl\u00e8mes \u00e9motionnels, comportementaux ou relationnels.<\/span><\/li><li class=\"translation-block\"><strong style=\"color: #000; font-weight: bold;\">Soutien \u00c9motionnel :<\/strong> Offrir un espace s\u00fbr pour exprimer des sentiments et des pens\u00e9es difficiles.<\/li><li class=\"translation-block\"><strong style=\"color: #000; font-weight: bold;\">\u00c9ducation et Information :<\/strong> Fournir des informations sur les ressources disponibles, les strat\u00e9gies de gestion du stress et d\u2019autres sujets pertinents.<\/li><li class=\"translation-block\"><strong style=\"color: #000; font-weight: bold;\">Interventions Sociales :<\/strong> Aider \u00e0 naviguer dans les syst\u00e8mes sociaux et \u00e0 acc\u00e9der aux services de soutien communautaire.<\/li><li class=\"translation-block\"><strong style=\"color: #000; font-weight: bold;\">Suivi et \u00c9valuation Continue :<\/strong> R\u00e9\u00e9valuer r\u00e9guli\u00e8rement les progr\u00e8s et ajuster le plan d\u2019intervention en cons\u00e9quence.<\/li><\/ul><\/div>\n\t\t\t\t<\/div>\n\t\t\t\t\t\t\t<div class=\"elementor-toggle-item\">\n\t\t\t\t\t<div id=\"elementor-tab-title-2712\" class=\"elementor-tab-title\" data-tab=\"2\" role=\"button\" aria-controls=\"elementor-tab-content-2712\" aria-expanded=\"false\">\n\t\t\t\t\t\t\t\t\t\t\t\t<span class=\"elementor-toggle-icon elementor-toggle-icon-right\" aria-hidden=\"true\">\n\t\t\t\t\t\t\t\t\t\t\t\t\t\t\t<span class=\"elementor-toggle-icon-closed\"><i class=\"fas fa-caret-right\"><\/i><\/span>\n\t\t\t\t\t\t\t\t<span class=\"elementor-toggle-icon-opened\"><i class=\"elementor-toggle-icon-opened fas fa-caret-up\"><\/i><\/span>\n\t\t\t\t\t\t\t\t\t\t\t\t\t<\/span>\n\t\t\t\t\t\t\t\t\t\t\t\t<a class=\"elementor-toggle-title\" tabindex=\"0\"><div style=\"color: #000; font-weight: bold;\">Est-ce que AlloPsycho offre des consultations psychologiques ?<\/div><\/a>\n\t\t\t\t\t<\/div>\n\n\t\t\t\t\t<div id=\"elementor-tab-content-2712\" class=\"elementor-tab-content elementor-clearfix\" data-tab=\"2\" role=\"region\" aria-labelledby=\"elementor-tab-title-2712\"><p>Chez AlloPsycho, bien que nous ne proposions pas de suivi psychologique au sens traditionnel du terme, nous sommes fiers de fournir une gamme de services psychosociaux adapt\u00e9s. Notre objectif est de fournir un soutien efficace et accessible \u00e0 ceux qui cherchent \u00e0 am\u00e9liorer leur bien-\u00eatre mental sans les contraintes financi\u00e8res.<\/p><\/div>\n\t\t\t\t<\/div>\n\t\t\t\t\t\t\t<div class=\"elementor-toggle-item\">\n\t\t\t\t\t<div id=\"elementor-tab-title-2713\" class=\"elementor-tab-title\" data-tab=\"3\" role=\"button\" aria-controls=\"elementor-tab-content-2713\" aria-expanded=\"false\">\n\t\t\t\t\t\t\t\t\t\t\t\t<span class=\"elementor-toggle-icon elementor-toggle-icon-right\" aria-hidden=\"true\">\n\t\t\t\t\t\t\t\t\t\t\t\t\t\t\t<span class=\"elementor-toggle-icon-closed\"><i class=\"fas fa-caret-right\"><\/i><\/span>\n\t\t\t\t\t\t\t\t<span class=\"elementor-toggle-icon-opened\"><i class=\"elementor-toggle-icon-opened fas fa-caret-up\"><\/i><\/span>\n\t\t\t\t\t\t\t\t\t\t\t\t\t<\/span>\n\t\t\t\t\t\t\t\t\t\t\t\t<a class=\"elementor-toggle-title\" tabindex=\"0\"><div style=\"color: #000; font-weight: bold;\">Quelle est la diff\u00e9rence entre un suivi psychologique et un suivi psychosocial ?<\/div><\/a>\n\t\t\t\t\t<\/div>\n\n\t\t\t\t\t<div id=\"elementor-tab-content-2713\" class=\"elementor-tab-content elementor-clearfix\" data-tab=\"3\" role=\"region\" aria-labelledby=\"elementor-tab-title-2713\"><p class=\"translation-block\">Un suivi psychologique\/psychoth\u00e9rapeutique ne peut \u00eatre donn\u00e9 que par un professionnel agr\u00e9\u00e9 par l\u2019Ordre des psychologues du Qu\u00e9bec. Ce suivi vise \u00e0 traiter les troubles mentaux et \u00e9motionnels gr\u00e2ce \u00e0 diverses th\u00e9rapies. Le suivi psychologique se concentre sur l\u2019exploration des causes profondes des probl\u00e8mes \u00e9motionnels et psychologiques.<br>En revanche, le suivi psychosocial explore principalement les cons\u00e9quences et les effets des difficult\u00e9s rencontr\u00e9es, en trouvant des solutions pratiques et des strat\u00e9gies d\u2019adaptation.<\/p><\/div>\n\t\t\t\t<\/div>\n\t\t\t\t\t\t\t<div class=\"elementor-toggle-item\">\n\t\t\t\t\t<div id=\"elementor-tab-title-2714\" class=\"elementor-tab-title\" data-tab=\"4\" role=\"button\" aria-controls=\"elementor-tab-content-2714\" aria-expanded=\"false\">\n\t\t\t\t\t\t\t\t\t\t\t\t<span class=\"elementor-toggle-icon elementor-toggle-icon-right\" aria-hidden=\"true\">\n\t\t\t\t\t\t\t\t\t\t\t\t\t\t\t<span class=\"elementor-toggle-icon-closed\"><i class=\"fas fa-caret-right\"><\/i><\/span>\n\t\t\t\t\t\t\t\t<span class=\"elementor-toggle-icon-opened\"><i class=\"elementor-toggle-icon-opened fas fa-caret-up\"><\/i><\/span>\n\t\t\t\t\t\t\t\t\t\t\t\t\t<\/span>\n\t\t\t\t\t\t\t\t\t\t\t\t<a class=\"elementor-toggle-title\" tabindex=\"0\"><div style=\"color: #000; font-weight: bold;\">Puis-je changer d\u2019intervenant(e) en cours de suivi ?<\/div><\/a>\n\t\t\t\t\t<\/div>\n\n\t\t\t\t\t<div id=\"elementor-tab-content-2714\" class=\"elementor-tab-content elementor-clearfix\" data-tab=\"4\" role=\"region\" aria-labelledby=\"elementor-tab-title-2714\"><p>Absolument, nous comprenons l\u2019importance d\u2019une bonne relation de confiance entre l\u2019usager et l\u2019intervenant. Si vous estimez que le professionnel ne correspond pas \u00e0 vos attentes, vous pouvez demander un changement en toute discr\u00e9tion et sans causer de malaise.<\/p><\/div>\n\t\t\t\t<\/div>\n\t\t\t\t\t\t\t<div class=\"elementor-toggle-item\">\n\t\t\t\t\t<div id=\"elementor-tab-title-2715\" class=\"elementor-tab-title\" data-tab=\"5\" role=\"button\" aria-controls=\"elementor-tab-content-2715\" aria-expanded=\"false\">\n\t\t\t\t\t\t\t\t\t\t\t\t<span class=\"elementor-toggle-icon elementor-toggle-icon-right\" aria-hidden=\"true\">\n\t\t\t\t\t\t\t\t\t\t\t\t\t\t\t<span class=\"elementor-toggle-icon-closed\"><i class=\"fas fa-caret-right\"><\/i><\/span>\n\t\t\t\t\t\t\t\t<span class=\"elementor-toggle-icon-opened\"><i class=\"elementor-toggle-icon-opened fas fa-caret-up\"><\/i><\/span>\n\t\t\t\t\t\t\t\t\t\t\t\t\t<\/span>\n\t\t\t\t\t\t\t\t\t\t\t\t<a class=\"elementor-toggle-title\" tabindex=\"0\"><div style=\"color: #000; font-weight: bold;\">Comment se d\u00e9roule la premi\u00e8re rencontre ?<\/div><\/a>\n\t\t\t\t\t<\/div>\n\n\t\t\t\t\t<div id=\"elementor-tab-content-2715\" class=\"elementor-tab-content elementor-clearfix\" data-tab=\"5\" role=\"region\" aria-labelledby=\"elementor-tab-title-2715\"><p>Lors de la premi\u00e8re rencontre d\u2019\u00e9valuation psychosociale, l\u2019intervenant recueille des informations sur vos ant\u00e9c\u00e9dents personnels et sociaux, identifie vos besoins et d\u00e9fis, puis \u00e9value les ressources disponibles. Ensemble, vous d\u00e9finirez des objectifs et \u00e9laborerez un plan d\u2019intervention personnalis\u00e9, tout en \u00e9tablissant une relation de confiance pour un suivi efficace.<\/p><\/div>\n\t\t\t\t<\/div>\n\t\t\t\t\t\t\t<div class=\"elementor-toggle-item\">\n\t\t\t\t\t<div id=\"elementor-tab-title-2716\" class=\"elementor-tab-title\" data-tab=\"6\" role=\"button\" aria-controls=\"elementor-tab-content-2716\" aria-expanded=\"false\">\n\t\t\t\t\t\t\t\t\t\t\t\t<span class=\"elementor-toggle-icon elementor-toggle-icon-right\" aria-hidden=\"true\">\n\t\t\t\t\t\t\t\t\t\t\t\t\t\t\t<span class=\"elementor-toggle-icon-closed\"><i class=\"fas fa-caret-right\"><\/i><\/span>\n\t\t\t\t\t\t\t\t<span class=\"elementor-toggle-icon-opened\"><i class=\"elementor-toggle-icon-opened fas fa-caret-up\"><\/i><\/span>\n\t\t\t\t\t\t\t\t\t\t\t\t\t<\/span>\n\t\t\t\t\t\t\t\t\t\t\t\t<a class=\"elementor-toggle-title\" tabindex=\"0\"><div style=\"color: #000; font-weight: bold;\">\u00c0 quelle fr\u00e9quence devrais-je faire mes rencontres ?<\/div><\/a>\n\t\t\t\t\t<\/div>\n\n\t\t\t\t\t<div id=\"elementor-tab-content-2716\" class=\"elementor-tab-content elementor-clearfix\" data-tab=\"6\" role=\"region\" aria-labelledby=\"elementor-tab-title-2716\"><p>L&rsquo;usager peut choisir la fr\u00e9quence des suivis selon ses besoins sp\u00e9cifiques. Nous sugg\u00e9rons habituellement une rencontre toutes les deux semaines sur une p\u00e9riode d&rsquo;environ six mois. Cela permet d&rsquo;aborder les difficult\u00e9s de mani\u00e8re plus approfondie et de mettre en \u0153uvre le plan d&rsquo;action de mani\u00e8re efficace.<\/p><\/div>\n\t\t\t\t<\/div>\n\t\t\t\t\t\t\t<div class=\"elementor-toggle-item\">\n\t\t\t\t\t<div id=\"elementor-tab-title-2717\" class=\"elementor-tab-title\" data-tab=\"7\" role=\"button\" aria-controls=\"elementor-tab-content-2717\" aria-expanded=\"false\">\n\t\t\t\t\t\t\t\t\t\t\t\t<span class=\"elementor-toggle-icon elementor-toggle-icon-right\" aria-hidden=\"true\">\n\t\t\t\t\t\t\t\t\t\t\t\t\t\t\t<span class=\"elementor-toggle-icon-closed\"><i class=\"fas fa-caret-right\"><\/i><\/span>\n\t\t\t\t\t\t\t\t<span class=\"elementor-toggle-icon-opened\"><i class=\"elementor-toggle-icon-opened fas fa-caret-up\"><\/i><\/span>\n\t\t\t\t\t\t\t\t\t\t\t\t\t<\/span>\n\t\t\t\t\t\t\t\t\t\t\t\t<a class=\"elementor-toggle-title\" tabindex=\"0\"><div style=\"color: #000; font-weight: bold;\">Qu\u2019arrive-t-il si je ne me pr\u00e9sente pas \u00e0 mon rendez-vous ?<\/div><\/a>\n\t\t\t\t\t<\/div>\n\n\t\t\t\t\t<div id=\"elementor-tab-content-2717\" class=\"elementor-tab-content elementor-clearfix\" data-tab=\"7\" role=\"region\" aria-labelledby=\"elementor-tab-title-2717\"><p>Nous comprenons que des impr\u00e9vus peuvent survenir. Si vous ne pouvez pas assister \u00e0 votre rendez-vous, nous vous prions simplement de bien vouloir nous en informer au moins 72 heures \u00e0 l&rsquo;avance. Cela afin de permettre aux professionnel(le)s de r\u00e9organiser leur emploi du temps. \u00c0 d\u00e9faut, nous devrons malheureusement facturer la s\u00e9ance afin de compenser le cr\u00e9neau horaire bloqu\u00e9 par le\/la professionnel(le).<\/p><\/div>\n\t\t\t\t<\/div>\n\t\t\t\t\t\t\t<div class=\"elementor-toggle-item\">\n\t\t\t\t\t<div id=\"elementor-tab-title-2718\" class=\"elementor-tab-title\" data-tab=\"8\" role=\"button\" aria-controls=\"elementor-tab-content-2718\" aria-expanded=\"false\">\n\t\t\t\t\t\t\t\t\t\t\t\t<span class=\"elementor-toggle-icon elementor-toggle-icon-right\" aria-hidden=\"true\">\n\t\t\t\t\t\t\t\t\t\t\t\t\t\t\t<span class=\"elementor-toggle-icon-closed\"><i class=\"fas fa-caret-right\"><\/i><\/span>\n\t\t\t\t\t\t\t\t<span class=\"elementor-toggle-icon-opened\"><i class=\"elementor-toggle-icon-opened fas fa-caret-up\"><\/i><\/span>\n\t\t\t\t\t\t\t\t\t\t\t\t\t<\/span>\n\t\t\t\t\t\t\t\t\t\t\t\t<a class=\"elementor-toggle-title\" tabindex=\"0\"><div style=\"color: #000; font-weight: bold;\">Qu\u2019arrive-t-il si la connexion est rompue lors d\u2019une rencontre avec mon intervenant(e) ?<\/div><\/a>\n\t\t\t\t\t<\/div>\n\n\t\t\t\t\t<div id=\"elementor-tab-content-2718\" class=\"elementor-tab-content elementor-clearfix\" data-tab=\"8\" role=\"region\" aria-labelledby=\"elementor-tab-title-2718\"><p>Nous comprenons que des probl\u00e8mes de connexion Internet peuvent parfois survenir. Dans ces cas-l\u00e0, un remboursement au prorata sera effectu\u00e9 pour vous assurer que vous ne payez que pour le temps de consultation r\u00e9ellement utilis\u00e9<\/p><\/div>\n\t\t\t\t<\/div>\n\t\t\t\t\t\t\t\t<\/div>\n\t\t\t\t\t\t<\/div>\n\t\t\t\t<\/div>\n\t\t\t\t\t<\/div>\n\t\t<\/div>\n\t\t\t\t\t<\/div>\n\t\t<\/section>\n\t\t\t\t<section class=\"elementor-section elementor-top-section elementor-element elementor-element-321dc4f elementor-section-boxed elementor-section-height-default elementor-section-height-default sc_fly_static\" data-id=\"321dc4f\" data-element_type=\"section\">\n\t\t\t\t\t\t<div class=\"elementor-container elementor-column-gap-extended\">\n\t\t\t\t\t<div class=\"elementor-column elementor-col-100 elementor-top-column elementor-element elementor-element-55909d3 sc_content_align_inherit sc_layouts_column_icons_position_left sc_fly_static\" data-id=\"55909d3\" data-element_type=\"column\">\n\t\t\t<div class=\"elementor-widget-wrap elementor-element-populated\">\n\t\t\t\t\t\t<section class=\"elementor-section elementor-inner-section elementor-element elementor-element-89f61f1 elementor-section-boxed elementor-section-height-default elementor-section-height-default sc_fly_static\" data-id=\"89f61f1\" data-element_type=\"section\">\n\t\t\t\t\t\t<div class=\"elementor-container elementor-column-gap-extended\">\n\t\t\t\t\t<div class=\"elementor-column elementor-col-50 elementor-inner-column elementor-element elementor-element-93d3d0a sc_content_align_inherit sc_layouts_column_icons_position_left sc_fly_static\" data-id=\"93d3d0a\" data-element_type=\"column\">\n\t\t\t<div class=\"elementor-widget-wrap\">\n\t\t\t\t\t\t\t<\/div>\n\t\t<\/div>\n\t\t\t\t<div class=\"elementor-column elementor-col-50 elementor-inner-column elementor-element elementor-element-e61db8c sc_content_align_inherit sc_layouts_column_icons_position_left sc_fly_static\" data-id=\"e61db8c\" data-element_type=\"column\">\n\t\t\t<div class=\"elementor-widget-wrap\">\n\t\t\t\t\t\t\t<\/div>\n\t\t<\/div>\n\t\t\t\t\t<\/div>\n\t\t<\/section>\n\t\t\t\t\t<\/div>\n\t\t<\/div>\n\t\t\t\t\t<\/div>\n\t\t<\/section>\n\t\t\t\t<\/div>","protected":false},"excerpt":{"rendered":"<p>Foire aux questions Accueil FAQ questions courantes Qu\u2019est ce qu\u2019un suivi psychosocial Le suivi psychosocial se concentre sur les d\u00e9fis actuels des individus en offrant un soutien pratique et imm\u00e9diat.&hellip;<\/p>","protected":false},"author":1,"featured_media":0,"parent":0,"menu_order":0,"comment_status":"closed","ping_status":"closed","template":"elementor_header_footer","meta":{"footnotes":""},"class_list":["post-8","page","type-page","status-publish","hentry"],"_links":{"self":[{"href":"https:\/\/allopsycho.com\/en\/wp-json\/wp\/v2\/pages\/8","targetHints":{"allow":["GET"]}}],"collection":[{"href":"https:\/\/allopsycho.com\/en\/wp-json\/wp\/v2\/pages"}],"about":[{"href":"https:\/\/allopsycho.com\/en\/wp-json\/wp\/v2\/types\/page"}],"author":[{"embeddable":true,"href":"https:\/\/allopsycho.com\/en\/wp-json\/wp\/v2\/users\/1"}],"replies":[{"embeddable":true,"href":"https:\/\/allopsycho.com\/en\/wp-json\/wp\/v2\/comments?post=8"}],"version-history":[{"count":99,"href":"https:\/\/allopsycho.com\/en\/wp-json\/wp\/v2\/pages\/8\/revisions"}],"predecessor-version":[{"id":19806,"href":"https:\/\/allopsycho.com\/en\/wp-json\/wp\/v2\/pages\/8\/revisions\/19806"}],"wp:attachment":[{"href":"https:\/\/allopsycho.com\/en\/wp-json\/wp\/v2\/media?parent=8"}],"curies":[{"name":"wp","href":"https:\/\/api.w.org\/{rel}","templated":true}]}}